{"id":8745,"date":"2024-12-02T11:05:12","date_gmt":"2024-12-02T11:05:12","guid":{"rendered":"https:\/\/moiaussi.com\/artists\/gunter-meskle\/o-mundo-inteligivel-da-ia-versus-percepcao-humana\/"},"modified":"2024-12-03T08:10:41","modified_gmt":"2024-12-03T08:10:41","slug":"o-mundo-inteligivel-da-ia-versus-percepcao-humana","status":"publish","type":"page","link":"https:\/\/moiaussi.com\/en\/artists\/gunter-meskle\/o-mundo-inteligivel-da-ia-versus-percepcao-humana\/","title":{"rendered":"O MUNDO INTELIG\u00cdVEL DA IA, VERSUS PERCEP\u00c7\u00c3O HUMANA"},"content":{"rendered":"\t\t<div data-elementor-type=\"wp-page\" data-elementor-id=\"8745\" class=\"elementor elementor-8745 elementor-8295\" data-elementor-post-type=\"page\">\n\t\t\t\t\t\t<section class=\"elementor-section elementor-top-section elementor-element elementor-element-8246512 elementor-section-full_width elementor-section-height-default elementor-section-height-default\" data-id=\"8246512\" data-element_type=\"section\" data-settings=\"{&quot;background_background&quot;:&quot;classic&quot;}\">\n\t\t\t\t\t\t<div class=\"elementor-container elementor-column-gap-default\">\n\t\t\t\t\t<div class=\"elementor-column elementor-col-100 elementor-top-column elementor-element elementor-element-339d766\" data-id=\"339d766\" data-element_type=\"column\">\n\t\t\t<div class=\"elementor-widget-wrap elementor-element-populated\">\n\t\t\t\t\t\t<div class=\"elementor-element elementor-element-efd5f0f elementor-widget elementor-widget-text-editor\" data-id=\"efd5f0f\" data-element_type=\"widget\" data-widget_type=\"text-editor.default\">\n\t\t\t\t<div class=\"elementor-widget-container\">\n\t\t\t<style>\/*! elementor - v3.23.0 - 05-08-2024 *\/\n.elementor-widget-text-editor.elementor-drop-cap-view-stacked .elementor-drop-cap{background-color:#69727d;color:#fff}.elementor-widget-text-editor.elementor-drop-cap-view-framed .elementor-drop-cap{color:#69727d;border:3px solid;background-color:transparent}.elementor-widget-text-editor:not(.elementor-drop-cap-view-default) .elementor-drop-cap{margin-top:8px}.elementor-widget-text-editor:not(.elementor-drop-cap-view-default) .elementor-drop-cap-letter{width:1em;height:1em}.elementor-widget-text-editor .elementor-drop-cap{float:left;text-align:center;line-height:1;font-size:50px}.elementor-widget-text-editor .elementor-drop-cap-letter{display:inline-block}<\/style>\t\t\t\t<p><a href=\"https:\/\/www.moiaussi.com\/en\/artworks\/\">Back to the Gallery<\/a><\/p>\n\t\t\t\t\t\t<\/div>\n\t\t\t\t<\/div>\n\t\t\t\t\t<\/div>\n\t\t<\/div>\n\t\t\t\t\t<\/div>\n\t\t<\/section>\n\t\t\t\t<section class=\"elementor-section elementor-top-section elementor-element elementor-element-2ec55b4 elementor-section-full_width elementor-section-height-default elementor-section-height-default\" data-id=\"2ec55b4\" data-element_type=\"section\" data-settings=\"{&quot;background_background&quot;:&quot;classic&quot;}\">\n\t\t\t\t\t\t<div class=\"elementor-container elementor-column-gap-no\">\n\t\t\t\t\t<div class=\"elementor-column elementor-col-25 elementor-top-column elementor-element elementor-element-f337945\" data-id=\"f337945\" data-element_type=\"column\">\n\t\t\t<div class=\"elementor-widget-wrap\">\n\t\t\t\t\t\t\t<\/div>\n\t\t<\/div>\n\t\t\t\t<div class=\"elementor-column elementor-col-50 elementor-top-column elementor-element elementor-element-b108c80\" data-id=\"b108c80\" data-element_type=\"column\">\n\t\t\t<div class=\"elementor-widget-wrap elementor-element-populated\">\n\t\t\t\t\t\t<div class=\"elementor-element elementor-element-d554f52 elementor-widget elementor-widget-video\" data-id=\"d554f52\" data-element_type=\"widget\" data-settings=\"{&quot;video_type&quot;:&quot;hosted&quot;,&quot;autoplay&quot;:&quot;yes&quot;,&quot;play_on_mobile&quot;:&quot;yes&quot;,&quot;mute&quot;:&quot;yes&quot;,&quot;loop&quot;:&quot;yes&quot;}\" data-widget_type=\"video.default\">\n\t\t\t\t<div class=\"elementor-widget-container\">\n\t\t\t<style>\/*! elementor - v3.23.0 - 05-08-2024 *\/\n.elementor-widget-video .elementor-widget-container{overflow:hidden;transform:translateZ(0)}.elementor-widget-video .elementor-wrapper{aspect-ratio:var(--video-aspect-ratio)}.elementor-widget-video .elementor-wrapper iframe,.elementor-widget-video .elementor-wrapper video{height:100%;width:100%;display:flex;border:none;background-color:#000}@supports not (aspect-ratio:1\/1){.elementor-widget-video .elementor-wrapper{position:relative;overflow:hidden;height:0;padding-bottom:calc(100% \/ var(--video-aspect-ratio))}.elementor-widget-video .elementor-wrapper iframe,.elementor-widget-video .elementor-wrapper video{position:absolute;top:0;right:0;bottom:0;left:0}}.elementor-widget-video .elementor-open-inline .elementor-custom-embed-image-overlay{position:absolute;top:0;right:0;bottom:0;left:0;background-size:cover;background-position:50%}.elementor-widget-video .elementor-custom-embed-image-overlay{cursor:pointer;text-align:center}.elementor-widget-video .elementor-custom-embed-image-overlay:hover .elementor-custom-embed-play i{opacity:1}.elementor-widget-video .elementor-custom-embed-image-overlay img{display:block;width:100%;aspect-ratio:var(--video-aspect-ratio);-o-object-fit:cover;object-fit:cover;-o-object-position:center center;object-position:center center}@supports not (aspect-ratio:1\/1){.elementor-widget-video .elementor-custom-embed-image-overlay{position:relative;overflow:hidden;height:0;padding-bottom:calc(100% \/ var(--video-aspect-ratio))}.elementor-widget-video .elementor-custom-embed-image-overlay img{position:absolute;top:0;right:0;bottom:0;left:0}}.elementor-widget-video .e-hosted-video .elementor-video{-o-object-fit:cover;object-fit:cover}.e-con-inner>.elementor-widget-video,.e-con>.elementor-widget-video{width:var(--container-widget-width);--flex-grow:var(--container-widget-flex-grow)}<\/style>\t\t<div class=\"e-hosted-video elementor-wrapper elementor-open-inline\">\n\t\t\t\t\t<video class=\"elementor-video\" src=\"https:\/\/ecdn.speedsize.com\/f3254346-20b5-4706-8478-f5f3409f39aa\/https:\/\/moiaussi.com\/wp-content\/uploads\/2024\/12\/Gunter-Meskle.mp4\" autoplay=\"\" loop=\"\" muted=\"muted\" playsinline=\"\" controlsList=\"nodownload\" poster=\"https:\/\/ecdn.speedsize.com\/f3254346-20b5-4706-8478-f5f3409f39aa\/https:\/\/moiaussi.com\/wp-content\/uploads\/2024\/12\/Gunter-Meskle-1.jpg\"><\/video>\n\t\t\t\t<\/div>\n\t\t\t\t<\/div>\n\t\t\t\t<\/div>\n\t\t\t\t<div class=\"elementor-element elementor-element-9aaffff elementor-widget elementor-widget-heading\" data-id=\"9aaffff\" data-element_type=\"widget\" data-widget_type=\"heading.default\">\n\t\t\t\t<div class=\"elementor-widget-container\">\n\t\t\t<style>\/*! elementor - v3.23.0 - 05-08-2024 *\/\n.elementor-heading-title{padding:0;margin:0;line-height:1}.elementor-widget-heading .elementor-heading-title[class*=elementor-size-]>a{color:inherit;font-size:inherit;line-height:inherit}.elementor-widget-heading .elementor-heading-title.elementor-size-small{font-size:15px}.elementor-widget-heading .elementor-heading-title.elementor-size-medium{font-size:19px}.elementor-widget-heading .elementor-heading-title.elementor-size-large{font-size:29px}.elementor-widget-heading .elementor-heading-title.elementor-size-xl{font-size:39px}.elementor-widget-heading .elementor-heading-title.elementor-size-xxl{font-size:59px}<\/style><h1 class=\"elementor-heading-title elementor-size-default\"><span style=\"color: var( --e-global-color-primary ); text-align: center;\">O MUNDO INTELIG\u00cdVEL DA IA, VERSUS PERCEP\u00c7\u00c3O HUMANA<\/span><\/h1>\t\t<\/div>\n\t\t\t\t<\/div>\n\t\t\t\t<div class=\"elementor-element elementor-element-7439e87 elementor-widget__width-inherit elementor-widget elementor-widget-text-editor\" data-id=\"7439e87\" data-element_type=\"widget\" data-widget_type=\"text-editor.default\">\n\t\t\t\t<div class=\"elementor-widget-container\">\n\t\t\t\t\t\t\t<p class=\"p1\">In this artwork, Gunter uses glasses to highlight the vision of two different worlds that coexist daily in imbalance. On one side, there is human vision, artistic perception, genuine and intuitive creativity, spiritualized, the result of centuries of human experience and learning passed down through generations. In contrast, artificial intelligence (AI) rapidly absorbs, perfects and surpasses our best results, continuously reinventing itself in all areas of human activity. The artwork serves as a warning about this ongoing and rapid transformation, which can be highly beneficial in fields like health, diagnostics and calculations, but also poses significant dangers in surveillance, decision-making and the competition between humanity and privacy.   <\/p>\n\t\t\t\t\t\t<\/div>\n\t\t\t\t<\/div>\n\t\t\t\t<div class=\"elementor-element elementor-element-0a8384e elementor-widget elementor-widget-text-editor\" data-id=\"0a8384e\" data-element_type=\"widget\" data-widget_type=\"text-editor.default\">\n\t\t\t\t<div class=\"elementor-widget-container\">\n\t\t\t\t\t\t\t<p style=\"font-weight: 400;\">Meet the artist<\/p>\n\t\t\t\t\t\t<\/div>\n\t\t\t\t<\/div>\n\t\t\t\t<div class=\"elementor-element elementor-element-3c32e9f elementor-widget elementor-widget-text-editor\" data-id=\"3c32e9f\" data-element_type=\"widget\" data-widget_type=\"text-editor.default\">\n\t\t\t\t<div class=\"elementor-widget-container\">\n\t\t\t\t\t\t\t<p><a href=\"https:\/\/moiaussi.com\/en\/artists\/gunter-meskle\/\">Gunter Meskle<\/a><\/p>\n\t\t\t\t\t\t<\/div>\n\t\t\t\t<\/div>\n\t\t\t\t<div class=\"elementor-element elementor-element-dce937d elementor-widget elementor-widget-spacer\" data-id=\"dce937d\" data-element_type=\"widget\" data-widget_type=\"spacer.default\">\n\t\t\t\t<div class=\"elementor-widget-container\">\n\t\t\t<style>\/*! elementor - v3.23.0 - 05-08-2024 *\/\n.elementor-column .elementor-spacer-inner{height:var(--spacer-size)}.e-con{--container-widget-width:100%}.e-con-inner>.elementor-widget-spacer,.e-con>.elementor-widget-spacer{width:var(--container-widget-width,var(--spacer-size));--align-self:var(--container-widget-align-self,initial);--flex-shrink:0}.e-con-inner>.elementor-widget-spacer>.elementor-widget-container,.e-con>.elementor-widget-spacer>.elementor-widget-container{height:100%;width:100%}.e-con-inner>.elementor-widget-spacer>.elementor-widget-container>.elementor-spacer,.e-con>.elementor-widget-spacer>.elementor-widget-container>.elementor-spacer{height:100%}.e-con-inner>.elementor-widget-spacer>.elementor-widget-container>.elementor-spacer>.elementor-spacer-inner,.e-con>.elementor-widget-spacer>.elementor-widget-container>.elementor-spacer>.elementor-spacer-inner{height:var(--container-widget-height,var(--spacer-size))}.e-con-inner>.elementor-widget-spacer.elementor-widget-empty,.e-con>.elementor-widget-spacer.elementor-widget-empty{position:relative;min-height:22px;min-width:22px}.e-con-inner>.elementor-widget-spacer.elementor-widget-empty .elementor-widget-empty-icon,.e-con>.elementor-widget-spacer.elementor-widget-empty .elementor-widget-empty-icon{position:absolute;top:0;bottom:0;left:0;right:0;margin:auto;padding:0;width:22px;height:22px}<\/style>\t\t<div class=\"elementor-spacer\">\n\t\t\t<div class=\"elementor-spacer-inner\"><\/div>\n\t\t<\/div>\n\t\t\t\t<\/div>\n\t\t\t\t<\/div>\n\t\t\t\t\t<\/div>\n\t\t<\/div>\n\t\t\t\t<div class=\"elementor-column elementor-col-25 elementor-top-column elementor-element elementor-element-4a2fcf5\" data-id=\"4a2fcf5\" data-element_type=\"column\">\n\t\t\t<div class=\"elementor-widget-wrap\">\n\t\t\t\t\t\t\t<\/div>\n\t\t<\/div>\n\t\t\t\t\t<\/div>\n\t\t<\/section>\n\t\t\t\t<section class=\"elementor-section elementor-top-section elementor-element elementor-element-9de16b5 elementor-section-full_width elementor-section-height-default elementor-section-height-default\" data-id=\"9de16b5\" data-element_type=\"section\" data-settings=\"{&quot;background_background&quot;:&quot;classic&quot;}\">\n\t\t\t\t\t\t<div class=\"elementor-container elementor-column-gap-default\">\n\t\t\t\t\t<div class=\"elementor-column elementor-col-100 elementor-top-column elementor-element elementor-element-a2de0b2\" data-id=\"a2de0b2\" data-element_type=\"column\">\n\t\t\t<div class=\"elementor-widget-wrap elementor-element-populated\">\n\t\t\t\t\t\t<div class=\"elementor-element elementor-element-0730d90 elementor-widget elementor-widget-text-editor\" data-id=\"0730d90\" data-element_type=\"widget\" data-widget_type=\"text-editor.default\">\n\t\t\t\t<div class=\"elementor-widget-container\">\n\t\t\t\t\t\t\t<p>Next artwork<\/p>\n\t\t\t\t\t\t<\/div>\n\t\t\t\t<\/div>\n\t\t\t\t\t<\/div>\n\t\t<\/div>\n\t\t\t\t\t<\/div>\n\t\t<\/section>\n\t\t\t\t<section class=\"elementor-section elementor-top-section elementor-element elementor-element-372c522 elementor-section-full_width elementor-section-height-default elementor-section-height-default\" data-id=\"372c522\" data-element_type=\"section\" data-settings=\"{&quot;background_background&quot;:&quot;classic&quot;}\">\n\t\t\t\t\t\t<div class=\"elementor-container elementor-column-gap-default\">\n\t\t\t\t\t<div class=\"elementor-column elementor-col-33 elementor-top-column elementor-element elementor-element-fdfd1b3\" data-id=\"fdfd1b3\" data-element_type=\"column\">\n\t\t\t<div class=\"elementor-widget-wrap elementor-element-populated\">\n\t\t\t\t\t\t<div class=\"elementor-element elementor-element-7515294 elementor-widget elementor-widget-image\" data-id=\"7515294\" data-element_type=\"widget\" data-widget_type=\"image.default\">\n\t\t\t\t<div class=\"elementor-widget-container\">\n\t\t\t<style>\/*! elementor - v3.23.0 - 05-08-2024 *\/\n.elementor-widget-image{text-align:center}.elementor-widget-image a{display:inline-block}.elementor-widget-image a img[src$=\".svg\"]{width:48px}.elementor-widget-image img{vertical-align:middle;display:inline-block}<\/style>\t\t\t\t\t\t\t\t\t\t\t<a href=\"https:\/\/moiaussi.com\/artists\/hannu-palosuo\/the-imperative-of-beauty\/\">\n\t\t\t\t\t\t\t<img decoding=\"async\" src=\"https:\/\/ecdn.speedsize.com\/f3254346-20b5-4706-8478-f5f3409f39aa\/https:\/\/moiaussi.com\/wp-content\/uploads\/2024\/12\/Hannu-Palosuo-1.jpg\" title=\"\" alt=\"\" loading=\"lazy\" \/>\t\t\t\t\t\t\t\t<\/a>\n\t\t\t\t\t\t\t\t\t\t\t\t\t<\/div>\n\t\t\t\t<\/div>\n\t\t\t\t\t<\/div>\n\t\t<\/div>\n\t\t\t\t<div class=\"elementor-column elementor-col-33 elementor-top-column elementor-element elementor-element-e911965\" data-id=\"e911965\" data-element_type=\"column\">\n\t\t\t<div class=\"elementor-widget-wrap elementor-element-populated\">\n\t\t\t\t\t\t<div class=\"elementor-element elementor-element-d174b9d elementor-widget elementor-widget-image\" data-id=\"d174b9d\" data-element_type=\"widget\" data-widget_type=\"image.default\">\n\t\t\t\t<div class=\"elementor-widget-container\">\n\t\t\t\t\t\t\t\t\t\t\t\t\t\t<a href=\"https:\/\/www.moiaussi.com\/artists\/helmut-pizzinini\/lalbero-della-vita\/\">\n\t\t\t\t\t\t\t<img fetchpriority=\"high\" decoding=\"async\" width=\"800\" height=\"800\" src=\"https:\/\/ecdn.speedsize.com\/f3254346-20b5-4706-8478-f5f3409f39aa\/https:\/\/moiaussi.com\/wp-content\/uploads\/2024\/06\/helmut-pizzinini-m-ph-artist-moi-aussi-art-gallery-1024x1024.jpg\" class=\"attachment-large size-large wp-image-949\" alt=\"\" srcset=\"\/wp-content\/uploads\/2024\/06\/helmut-pizzinini-m-ph-artist-moi-aussi-art-gallery-1024x1024.jpg 1024w, \/wp-content\/uploads\/2024\/06\/helmut-pizzinini-m-ph-artist-moi-aussi-art-gallery-300x300.jpg 300w, \/wp-content\/uploads\/2024\/06\/helmut-pizzinini-m-ph-artist-moi-aussi-art-gallery-150x150.jpg 150w, \/wp-content\/uploads\/2024\/06\/helmut-pizzinini-m-ph-artist-moi-aussi-art-gallery-768x768.jpg 768w, \/wp-content\/uploads\/2024\/06\/helmut-pizzinini-m-ph-artist-moi-aussi-art-gallery.jpg 1080w\" sizes=\"(max-width: 800px) 100vw, 800px\" \/>\t\t\t\t\t\t\t\t<\/a>\n\t\t\t\t\t\t\t\t\t\t\t\t\t<\/div>\n\t\t\t\t<\/div>\n\t\t\t\t\t<\/div>\n\t\t<\/div>\n\t\t\t\t<div class=\"elementor-column elementor-col-33 elementor-top-column elementor-element elementor-element-4b052fa\" data-id=\"4b052fa\" data-element_type=\"column\">\n\t\t\t<div class=\"elementor-widget-wrap elementor-element-populated\">\n\t\t\t\t\t\t<div class=\"elementor-element elementor-element-3b2a9fc elementor-widget elementor-widget-image\" data-id=\"3b2a9fc\" data-element_type=\"widget\" data-widget_type=\"image.default\">\n\t\t\t\t<div class=\"elementor-widget-container\">\n\t\t\t\t\t\t\t\t\t\t\t\t\t\t<a href=\"https:\/\/www.moiaussi.com\/artists\/ilaria-salvagno\/di-sezione\/\">\n\t\t\t\t\t\t\t<img decoding=\"async\" width=\"800\" height=\"800\" src=\"https:\/\/ecdn.speedsize.com\/f3254346-20b5-4706-8478-f5f3409f39aa\/https:\/\/moiaussi.com\/wp-content\/uploads\/2024\/06\/ilaria-salvagno-01-artists-moi-aussi-lunettes-1024x1024.jpg\" class=\"attachment-large size-large wp-image-950\" alt=\"\" srcset=\"\/wp-content\/uploads\/2024\/06\/ilaria-salvagno-01-artists-moi-aussi-lunettes-1024x1024.jpg 1024w, \/wp-content\/uploads\/2024\/06\/ilaria-salvagno-01-artists-moi-aussi-lunettes-300x300.jpg 300w, \/wp-content\/uploads\/2024\/06\/ilaria-salvagno-01-artists-moi-aussi-lunettes-150x150.jpg 150w, \/wp-content\/uploads\/2024\/06\/ilaria-salvagno-01-artists-moi-aussi-lunettes-768x768.jpg 768w, \/wp-content\/uploads\/2024\/06\/ilaria-salvagno-01-artists-moi-aussi-lunettes.jpg 1080w\" sizes=\"(max-width: 800px) 100vw, 800px\" \/>\t\t\t\t\t\t\t\t<\/a>\n\t\t\t\t\t\t\t\t\t\t\t\t\t<\/div>\n\t\t\t\t<\/div>\n\t\t\t\t\t<\/div>\n\t\t<\/div>\n\t\t\t\t\t<\/div>\n\t\t<\/section>\n\t\t\t\t<\/div>\n\t\t","protected":false},"excerpt":{"rendered":"<p>Back to the Gallery \/wp-content\/uploads\/2024\/12\/Gunter-Meskle.mp4 O MUNDO INTELIG\u00cdVEL DA IA, VERSUS PERCEP\u00c7\u00c3O HUMANA In this artwork, Gunter uses glasses to highlight the vision of two different worlds that coexist daily in imbalance. On one side, there is human vision, artistic perception, genuine and intuitive creativity, spiritualized, the result of centuries of human experience and learning [&hellip;]<\/p>\n","protected":false},"author":2,"featured_media":0,"parent":8711,"menu_order":0,"comment_status":"closed","ping_status":"closed","template":"","meta":{"footnotes":""},"class_list":["post-8745","page","type-page","status-publish","hentry"],"yoast_head":"<!-- This site is optimized with the Yoast SEO plugin v25.6 - https:\/\/yoast.com\/wordpress\/plugins\/seo\/ -->\n<title>O MUNDO INTELIG\u00cdVEL DA IA, VERSUS PERCEP\u00c7\u00c3O HUMANA - moi aussi<\/title>\n<meta name=\"robots\" content=\"index, follow, max-snippet:-1, max-image-preview:large, max-video-preview:-1\" \/>\n<link rel=\"canonical\" href=\"https:\/\/moiaussi.com\/en\/artists\/gunter-meskle\/o-mundo-inteligivel-da-ia-versus-percepcao-humana\/\" \/>\n<meta property=\"og:locale\" content=\"en_US\" \/>\n<meta property=\"og:type\" content=\"article\" \/>\n<meta property=\"og:title\" content=\"O MUNDO INTELIG\u00cdVEL DA IA, VERSUS PERCEP\u00c7\u00c3O HUMANA - moi aussi\" \/>\n<meta property=\"og:description\" content=\"Back to the Gallery \/wp-content\/uploads\/2024\/12\/Gunter-Meskle.mp4 O MUNDO INTELIG\u00cdVEL DA IA, VERSUS PERCEP\u00c7\u00c3O HUMANA In this artwork, Gunter uses glasses to highlight the vision of two different worlds that coexist daily in imbalance. On one side, there is human vision, artistic perception, genuine and intuitive creativity, spiritualized, the result of centuries of human experience and learning [&hellip;]\" \/>\n<meta property=\"og:url\" content=\"https:\/\/moiaussi.com\/en\/artists\/gunter-meskle\/o-mundo-inteligivel-da-ia-versus-percepcao-humana\/\" \/>\n<meta property=\"og:site_name\" content=\"moi aussi\" \/>\n<meta property=\"article:modified_time\" content=\"2024-12-03T08:10:41+00:00\" \/>\n<meta name=\"twitter:card\" content=\"summary_large_image\" \/>\n<meta name=\"twitter:label1\" content=\"Est. reading time\" \/>\n\t<meta name=\"twitter:data1\" content=\"1 minute\" \/>\n<script type=\"application\/ld+json\" class=\"yoast-schema-graph\">{\"@context\":\"https:\/\/schema.org\",\"@graph\":[{\"@type\":\"WebPage\",\"@id\":\"https:\/\/moiaussi.com\/en\/artists\/gunter-meskle\/o-mundo-inteligivel-da-ia-versus-percepcao-humana\/\",\"url\":\"https:\/\/moiaussi.com\/en\/artists\/gunter-meskle\/o-mundo-inteligivel-da-ia-versus-percepcao-humana\/\",\"name\":\"O MUNDO INTELIG\u00cdVEL DA IA, VERSUS PERCEP\u00c7\u00c3O HUMANA - moi aussi\",\"isPartOf\":{\"@id\":\"https:\/\/moiaussi.com\/en\/#website\"},\"datePublished\":\"2024-12-02T11:05:12+00:00\",\"dateModified\":\"2024-12-03T08:10:41+00:00\",\"breadcrumb\":{\"@id\":\"https:\/\/moiaussi.com\/en\/artists\/gunter-meskle\/o-mundo-inteligivel-da-ia-versus-percepcao-humana\/#breadcrumb\"},\"inLanguage\":\"en-US\",\"potentialAction\":[{\"@type\":\"ReadAction\",\"target\":[\"https:\/\/moiaussi.com\/en\/artists\/gunter-meskle\/o-mundo-inteligivel-da-ia-versus-percepcao-humana\/\"]}]},{\"@type\":\"BreadcrumbList\",\"@id\":\"https:\/\/moiaussi.com\/en\/artists\/gunter-meskle\/o-mundo-inteligivel-da-ia-versus-percepcao-humana\/#breadcrumb\",\"itemListElement\":[{\"@type\":\"ListItem\",\"position\":1,\"name\":\"Portada\",\"item\":\"https:\/\/moiaussi.com\/en\/\"},{\"@type\":\"ListItem\",\"position\":2,\"name\":\"Artists\",\"item\":\"https:\/\/moiaussi.com\/en\/artists\/\"},{\"@type\":\"ListItem\",\"position\":3,\"name\":\"Gunter Meskle\",\"item\":\"https:\/\/moiaussi.com\/en\/artists\/gunter-meskle\/\"},{\"@type\":\"ListItem\",\"position\":4,\"name\":\"O MUNDO INTELIG\u00cdVEL DA IA, VERSUS PERCEP\u00c7\u00c3O HUMANA\"}]},{\"@type\":\"WebSite\",\"@id\":\"https:\/\/moiaussi.com\/en\/#website\",\"url\":\"https:\/\/moiaussi.com\/en\/\",\"name\":\"moi aussi\",\"description\":\"\",\"publisher\":{\"@id\":\"https:\/\/moiaussi.com\/en\/#organization\"},\"potentialAction\":[{\"@type\":\"SearchAction\",\"target\":{\"@type\":\"EntryPoint\",\"urlTemplate\":\"https:\/\/moiaussi.com\/en\/?s={search_term_string}\"},\"query-input\":{\"@type\":\"PropertyValueSpecification\",\"valueRequired\":true,\"valueName\":\"search_term_string\"}}],\"inLanguage\":\"en-US\"},{\"@type\":\"Organization\",\"@id\":\"https:\/\/moiaussi.com\/en\/#organization\",\"name\":\"moi aussi\",\"url\":\"https:\/\/moiaussi.com\/en\/\",\"logo\":{\"@type\":\"ImageObject\",\"inLanguage\":\"en-US\",\"@id\":\"https:\/\/moiaussi.com\/en\/#\/schema\/logo\/image\/\",\"url\":\"\/wp-content\/uploads\/2024\/05\/LOGO-01.webp\",\"contentUrl\":\"\/wp-content\/uploads\/2024\/05\/LOGO-01.webp\",\"width\":1778,\"height\":1225,\"caption\":\"moi aussi\"},\"image\":{\"@id\":\"https:\/\/moiaussi.com\/en\/#\/schema\/logo\/image\/\"}}]}<\/script>\n<!-- \/ Yoast SEO plugin. -->","yoast_head_json":{"title":"O MUNDO INTELIG\u00cdVEL DA IA, VERSUS PERCEP\u00c7\u00c3O HUMANA - moi aussi","robots":{"index":"index","follow":"follow","max-snippet":"max-snippet:-1","max-image-preview":"max-image-preview:large","max-video-preview":"max-video-preview:-1"},"canonical":"https:\/\/moiaussi.com\/en\/artists\/gunter-meskle\/o-mundo-inteligivel-da-ia-versus-percepcao-humana\/","og_locale":"en_US","og_type":"article","og_title":"O MUNDO INTELIG\u00cdVEL DA IA, VERSUS PERCEP\u00c7\u00c3O HUMANA - moi aussi","og_description":"Back to the Gallery \/wp-content\/uploads\/2024\/12\/Gunter-Meskle.mp4 O MUNDO INTELIG\u00cdVEL DA IA, VERSUS PERCEP\u00c7\u00c3O HUMANA In this artwork, Gunter uses glasses to highlight the vision of two different worlds that coexist daily in imbalance. On one side, there is human vision, artistic perception, genuine and intuitive creativity, spiritualized, the result of centuries of human experience and learning [&hellip;]","og_url":"https:\/\/moiaussi.com\/en\/artists\/gunter-meskle\/o-mundo-inteligivel-da-ia-versus-percepcao-humana\/","og_site_name":"moi aussi","article_modified_time":"2024-12-03T08:10:41+00:00","twitter_card":"summary_large_image","twitter_misc":{"Est. reading time":"1 minute"},"schema":{"@context":"https:\/\/schema.org","@graph":[{"@type":"WebPage","@id":"https:\/\/moiaussi.com\/en\/artists\/gunter-meskle\/o-mundo-inteligivel-da-ia-versus-percepcao-humana\/","url":"https:\/\/moiaussi.com\/en\/artists\/gunter-meskle\/o-mundo-inteligivel-da-ia-versus-percepcao-humana\/","name":"O MUNDO INTELIG\u00cdVEL DA IA, VERSUS PERCEP\u00c7\u00c3O HUMANA - moi aussi","isPartOf":{"@id":"https:\/\/moiaussi.com\/en\/#website"},"datePublished":"2024-12-02T11:05:12+00:00","dateModified":"2024-12-03T08:10:41+00:00","breadcrumb":{"@id":"https:\/\/moiaussi.com\/en\/artists\/gunter-meskle\/o-mundo-inteligivel-da-ia-versus-percepcao-humana\/#breadcrumb"},"inLanguage":"en-US","potentialAction":[{"@type":"ReadAction","target":["https:\/\/moiaussi.com\/en\/artists\/gunter-meskle\/o-mundo-inteligivel-da-ia-versus-percepcao-humana\/"]}]},{"@type":"BreadcrumbList","@id":"https:\/\/moiaussi.com\/en\/artists\/gunter-meskle\/o-mundo-inteligivel-da-ia-versus-percepcao-humana\/#breadcrumb","itemListElement":[{"@type":"ListItem","position":1,"name":"Portada","item":"https:\/\/moiaussi.com\/en\/"},{"@type":"ListItem","position":2,"name":"Artists","item":"https:\/\/moiaussi.com\/en\/artists\/"},{"@type":"ListItem","position":3,"name":"Gunter Meskle","item":"https:\/\/moiaussi.com\/en\/artists\/gunter-meskle\/"},{"@type":"ListItem","position":4,"name":"O MUNDO INTELIG\u00cdVEL DA IA, VERSUS PERCEP\u00c7\u00c3O HUMANA"}]},{"@type":"WebSite","@id":"https:\/\/moiaussi.com\/en\/#website","url":"https:\/\/moiaussi.com\/en\/","name":"moi aussi","description":"","publisher":{"@id":"https:\/\/moiaussi.com\/en\/#organization"},"potentialAction":[{"@type":"SearchAction","target":{"@type":"EntryPoint","urlTemplate":"https:\/\/moiaussi.com\/en\/?s={search_term_string}"},"query-input":{"@type":"PropertyValueSpecification","valueRequired":true,"valueName":"search_term_string"}}],"inLanguage":"en-US"},{"@type":"Organization","@id":"https:\/\/moiaussi.com\/en\/#organization","name":"moi aussi","url":"https:\/\/moiaussi.com\/en\/","logo":{"@type":"ImageObject","inLanguage":"en-US","@id":"https:\/\/moiaussi.com\/en\/#\/schema\/logo\/image\/","url":"\/wp-content\/uploads\/2024\/05\/LOGO-01.webp","contentUrl":"\/wp-content\/uploads\/2024\/05\/LOGO-01.webp","width":1778,"height":1225,"caption":"moi aussi"},"image":{"@id":"https:\/\/moiaussi.com\/en\/#\/schema\/logo\/image\/"}}]}},"_links":{"self":[{"href":"https:\/\/moiaussi.com\/en\/wp-json\/wp\/v2\/pages\/8745"}],"collection":[{"href":"https:\/\/moiaussi.com\/en\/wp-json\/wp\/v2\/pages"}],"about":[{"href":"https:\/\/moiaussi.com\/en\/wp-json\/wp\/v2\/types\/page"}],"author":[{"embeddable":true,"href":"https:\/\/moiaussi.com\/en\/wp-json\/wp\/v2\/users\/2"}],"replies":[{"embeddable":true,"href":"https:\/\/moiaussi.com\/en\/wp-json\/wp\/v2\/comments?post=8745"}],"version-history":[{"count":1,"href":"https:\/\/moiaussi.com\/en\/wp-json\/wp\/v2\/pages\/8745\/revisions"}],"predecessor-version":[{"id":8746,"href":"https:\/\/moiaussi.com\/en\/wp-json\/wp\/v2\/pages\/8745\/revisions\/8746"}],"up":[{"embeddable":true,"href":"https:\/\/moiaussi.com\/en\/wp-json\/wp\/v2\/pages\/8711"}],"wp:attachment":[{"href":"https:\/\/moiaussi.com\/en\/wp-json\/wp\/v2\/media?parent=8745"}],"curies":[{"name":"wp","href":"https:\/\/api.w.org\/{rel}","templated":true}]}}