{"id":6834,"date":"2024-10-02T13:16:03","date_gmt":"2024-10-02T13:16:03","guid":{"rendered":"https:\/\/moiaussi.com\/?page_id=6834"},"modified":"2025-05-11T14:31:09","modified_gmt":"2025-05-11T14:31:09","slug":"natives-of-happiness","status":"publish","type":"page","link":"https:\/\/moiaussi.com\/it\/artists\/carolina-amaya\/natives-of-happiness\/","title":{"rendered":"Natives of Happiness"},"content":{"rendered":"\t\t<div data-elementor-type=\"wp-page\" data-elementor-id=\"6834\" class=\"elementor elementor-6834\" data-elementor-post-type=\"page\">\n\t\t\t\t\t\t<section class=\"elementor-section elementor-top-section elementor-element elementor-element-8246512 elementor-section-full_width elementor-section-height-default elementor-section-height-default\" data-id=\"8246512\" data-element_type=\"section\" data-settings=\"{&quot;background_background&quot;:&quot;classic&quot;}\">\n\t\t\t\t\t\t<div class=\"elementor-container elementor-column-gap-default\">\n\t\t\t\t\t<div class=\"elementor-column elementor-col-100 elementor-top-column elementor-element elementor-element-339d766\" data-id=\"339d766\" data-element_type=\"column\">\n\t\t\t<div class=\"elementor-widget-wrap elementor-element-populated\">\n\t\t\t\t\t\t<div class=\"elementor-element elementor-element-efd5f0f elementor-widget elementor-widget-text-editor\" data-id=\"efd5f0f\" data-element_type=\"widget\" data-widget_type=\"text-editor.default\">\n\t\t\t\t<div class=\"elementor-widget-container\">\n\t\t\t<style>\/*! elementor - v3.23.0 - 05-08-2024 *\/\n.elementor-widget-text-editor.elementor-drop-cap-view-stacked .elementor-drop-cap{background-color:#69727d;color:#fff}.elementor-widget-text-editor.elementor-drop-cap-view-framed .elementor-drop-cap{color:#69727d;border:3px solid;background-color:transparent}.elementor-widget-text-editor:not(.elementor-drop-cap-view-default) .elementor-drop-cap{margin-top:8px}.elementor-widget-text-editor:not(.elementor-drop-cap-view-default) .elementor-drop-cap-letter{width:1em;height:1em}.elementor-widget-text-editor .elementor-drop-cap{float:left;text-align:center;line-height:1;font-size:50px}.elementor-widget-text-editor .elementor-drop-cap-letter{display:inline-block}<\/style>\t\t\t\t<p><a href=\"https:\/\/www.moiaussi.com\/artworks\/\">Torna alla Galleria<\/a><\/p>\t\t\t\t\t\t<\/div>\n\t\t\t\t<\/div>\n\t\t\t\t\t<\/div>\n\t\t<\/div>\n\t\t\t\t\t<\/div>\n\t\t<\/section>\n\t\t\t\t<section class=\"elementor-section elementor-top-section elementor-element elementor-element-6889f2c elementor-section-full_width elementor-section-height-default elementor-section-height-default\" data-id=\"6889f2c\" data-element_type=\"section\" data-settings=\"{&quot;background_background&quot;:&quot;classic&quot;}\">\n\t\t\t\t\t\t<div class=\"elementor-container elementor-column-gap-no\">\n\t\t\t\t\t<div class=\"elementor-column elementor-col-25 elementor-top-column elementor-element elementor-element-c6822aa\" data-id=\"c6822aa\" data-element_type=\"column\">\n\t\t\t<div class=\"elementor-widget-wrap\">\n\t\t\t\t\t\t\t<\/div>\n\t\t<\/div>\n\t\t\t\t<div class=\"elementor-column elementor-col-50 elementor-top-column elementor-element elementor-element-894b8a4\" data-id=\"894b8a4\" data-element_type=\"column\">\n\t\t\t<div class=\"elementor-widget-wrap elementor-element-populated\">\n\t\t\t\t\t\t<div class=\"elementor-element elementor-element-1995fd6 elementor-widget elementor-widget-image\" data-id=\"1995fd6\" data-element_type=\"widget\" data-widget_type=\"image.default\">\n\t\t\t\t<div class=\"elementor-widget-container\">\n\t\t\t<style>\/*! elementor - v3.23.0 - 05-08-2024 *\/\n.elementor-widget-image{text-align:center}.elementor-widget-image a{display:inline-block}.elementor-widget-image a img[src$=\".svg\"]{width:48px}.elementor-widget-image img{vertical-align:middle;display:inline-block}<\/style>\t\t\t\t\t\t\t\t\t\t<img fetchpriority=\"high\" decoding=\"async\" width=\"734\" height=\"1024\" src=\"https:\/\/ecdn.speedsize.com\/f3254346-20b5-4706-8478-f5f3409f39aa\/https:\/\/moiaussi.com\/wp-content\/uploads\/2024\/10\/Carolina_Amaya2-734x1024.jpg\" class=\"attachment-large size-large wp-image-6867\" alt=\"\" srcset=\"\/wp-content\/uploads\/2024\/10\/Carolina_Amaya2-734x1024.jpg 734w, \/wp-content\/uploads\/2024\/10\/Carolina_Amaya2-215x300.jpg 215w, \/wp-content\/uploads\/2024\/10\/Carolina_Amaya2-768x1072.jpg 768w, \/wp-content\/uploads\/2024\/10\/Carolina_Amaya2-1101x1536.jpg 1101w, \/wp-content\/uploads\/2024\/10\/Carolina_Amaya2-1468x2048.jpg 1468w, \/wp-content\/uploads\/2024\/10\/Carolina_Amaya2-scaled.jpg 1835w\" sizes=\"(max-width: 734px) 100vw, 734px\" \/>\t\t\t\t\t\t\t\t\t\t\t\t\t<\/div>\n\t\t\t\t<\/div>\n\t\t\t\t<div class=\"elementor-element elementor-element-7b6a909 elementor-widget elementor-widget-heading\" data-id=\"7b6a909\" data-element_type=\"widget\" data-widget_type=\"heading.default\">\n\t\t\t\t<div class=\"elementor-widget-container\">\n\t\t\t<style>\/*! elementor - v3.23.0 - 05-08-2024 *\/\n.elementor-heading-title{padding:0;margin:0;line-height:1}.elementor-widget-heading .elementor-heading-title[class*=elementor-size-]>a{color:inherit;font-size:inherit;line-height:inherit}.elementor-widget-heading .elementor-heading-title.elementor-size-small{font-size:15px}.elementor-widget-heading .elementor-heading-title.elementor-size-medium{font-size:19px}.elementor-widget-heading .elementor-heading-title.elementor-size-large{font-size:29px}.elementor-widget-heading .elementor-heading-title.elementor-size-xl{font-size:39px}.elementor-widget-heading .elementor-heading-title.elementor-size-xxl{font-size:59px}<\/style><h1 class=\"elementor-heading-title elementor-size-default\">Natives of Happiness<\/h1>\t\t<\/div>\n\t\t\t\t<\/div>\n\t\t\t\t<div class=\"elementor-element elementor-element-be581a8 elementor-widget elementor-widget-text-editor\" data-id=\"be581a8\" data-element_type=\"widget\" data-widget_type=\"text-editor.default\">\n\t\t\t\t<div class=\"elementor-widget-container\">\n\t\t\t\t\t\t\t<p>Le opere d&#8217;arte di Carolina Amaya Gomez stravolgono il discorso dominante, sfidando i sistemi oppressivi che hanno messo a tacere le voci emarginate per troppo tempo. Servendo da catalizzatore, la sua arte incoraggia gli spettatori a mettere in discussione lo status quo e ad abbracciare le ramificazioni dell&#8217;esperienza umana. Il suo lavoro \u00e8 un mix di elementi contrastanti: materiali naturali, che rendono omaggio all&#8217;eredit\u00e0 e materiali fetish, per sfidare le norme e le convenzioni della societ\u00e0. In questo modo, spinge lo spettatore a mettere in discussione i confini tra intimit\u00e0 ed esibizione pubblica, esplorando le complessit\u00e0 dell&#8217;identit\u00e0. Vuole usare l&#8217;arte come potente strumento di cambiamento sociale, ispirando una nuova generazione di pensatori, artisti e attivisti a reimmaginare un mondo in cui la diversit\u00e0 sia celebrata e l&#8217;individualit\u00e0 sia valorizzata.<\/p>\t\t\t\t\t\t<\/div>\n\t\t\t\t<\/div>\n\t\t\t\t<div class=\"elementor-element elementor-element-e78f41f elementor-widget elementor-widget-text-editor\" data-id=\"e78f41f\" data-element_type=\"widget\" data-widget_type=\"text-editor.default\">\n\t\t\t\t<div class=\"elementor-widget-container\">\n\t\t\t\t\t\t\t<p style=\"font-weight: 400;\">Conosci l&#8217;artista<\/p>\t\t\t\t\t\t<\/div>\n\t\t\t\t<\/div>\n\t\t\t\t<div class=\"elementor-element elementor-element-f41c4c9 elementor-widget elementor-widget-text-editor\" data-id=\"f41c4c9\" data-element_type=\"widget\" data-widget_type=\"text-editor.default\">\n\t\t\t\t<div class=\"elementor-widget-container\">\n\t\t\t\t\t\t\t<p><a href=\"https:\/\/moiaussi.com\/artists\/carolina-amaya\/\">Carolina Amaya<\/a><\/p>\t\t\t\t\t\t<\/div>\n\t\t\t\t<\/div>\n\t\t\t\t<div class=\"elementor-element elementor-element-f4b035c elementor-widget elementor-widget-spacer\" data-id=\"f4b035c\" data-element_type=\"widget\" data-widget_type=\"spacer.default\">\n\t\t\t\t<div class=\"elementor-widget-container\">\n\t\t\t<style>\/*! elementor - v3.23.0 - 05-08-2024 *\/\n.elementor-column .elementor-spacer-inner{height:var(--spacer-size)}.e-con{--container-widget-width:100%}.e-con-inner>.elementor-widget-spacer,.e-con>.elementor-widget-spacer{width:var(--container-widget-width,var(--spacer-size));--align-self:var(--container-widget-align-self,initial);--flex-shrink:0}.e-con-inner>.elementor-widget-spacer>.elementor-widget-container,.e-con>.elementor-widget-spacer>.elementor-widget-container{height:100%;width:100%}.e-con-inner>.elementor-widget-spacer>.elementor-widget-container>.elementor-spacer,.e-con>.elementor-widget-spacer>.elementor-widget-container>.elementor-spacer{height:100%}.e-con-inner>.elementor-widget-spacer>.elementor-widget-container>.elementor-spacer>.elementor-spacer-inner,.e-con>.elementor-widget-spacer>.elementor-widget-container>.elementor-spacer>.elementor-spacer-inner{height:var(--container-widget-height,var(--spacer-size))}.e-con-inner>.elementor-widget-spacer.elementor-widget-empty,.e-con>.elementor-widget-spacer.elementor-widget-empty{position:relative;min-height:22px;min-width:22px}.e-con-inner>.elementor-widget-spacer.elementor-widget-empty .elementor-widget-empty-icon,.e-con>.elementor-widget-spacer.elementor-widget-empty .elementor-widget-empty-icon{position:absolute;top:0;bottom:0;left:0;right:0;margin:auto;padding:0;width:22px;height:22px}<\/style>\t\t<div class=\"elementor-spacer\">\n\t\t\t<div class=\"elementor-spacer-inner\"><\/div>\n\t\t<\/div>\n\t\t\t\t<\/div>\n\t\t\t\t<\/div>\n\t\t\t\t\t<\/div>\n\t\t<\/div>\n\t\t\t\t<div class=\"elementor-column elementor-col-25 elementor-top-column elementor-element elementor-element-7b8e8ef\" data-id=\"7b8e8ef\" data-element_type=\"column\">\n\t\t\t<div class=\"elementor-widget-wrap\">\n\t\t\t\t\t\t\t<\/div>\n\t\t<\/div>\n\t\t\t\t\t<\/div>\n\t\t<\/section>\n\t\t\t\t<section class=\"elementor-section elementor-top-section elementor-element elementor-element-9de16b5 elementor-section-full_width elementor-section-height-default elementor-section-height-default\" data-id=\"9de16b5\" data-element_type=\"section\" data-settings=\"{&quot;background_background&quot;:&quot;classic&quot;}\">\n\t\t\t\t\t\t<div class=\"elementor-container elementor-column-gap-default\">\n\t\t\t\t\t<div class=\"elementor-column elementor-col-100 elementor-top-column elementor-element elementor-element-a2de0b2\" data-id=\"a2de0b2\" data-element_type=\"column\">\n\t\t\t<div class=\"elementor-widget-wrap elementor-element-populated\">\n\t\t\t\t\t\t<div class=\"elementor-element elementor-element-0730d90 elementor-widget elementor-widget-text-editor\" data-id=\"0730d90\" data-element_type=\"widget\" data-widget_type=\"text-editor.default\">\n\t\t\t\t<div class=\"elementor-widget-container\">\n\t\t\t\t\t\t\t<p>Prossima opera d&#8217;arte<\/p>\t\t\t\t\t\t<\/div>\n\t\t\t\t<\/div>\n\t\t\t\t\t<\/div>\n\t\t<\/div>\n\t\t\t\t\t<\/div>\n\t\t<\/section>\n\t\t\t\t<section class=\"elementor-section elementor-top-section elementor-element elementor-element-8036a6d elementor-section-full_width elementor-section-height-min-height elementor-section-height-default elementor-section-items-middle\" data-id=\"8036a6d\" data-element_type=\"section\" data-settings=\"{&quot;background_background&quot;:&quot;classic&quot;}\">\n\t\t\t\t\t\t<div class=\"elementor-container elementor-column-gap-default\">\n\t\t\t\t\t<div class=\"elementor-column elementor-col-33 elementor-top-column elementor-element elementor-element-11720d4\" data-id=\"11720d4\" data-element_type=\"column\">\n\t\t\t<div class=\"elementor-widget-wrap elementor-element-populated\">\n\t\t\t\t\t\t<div class=\"elementor-element elementor-element-69dff8f elementor-widget elementor-widget-image\" data-id=\"69dff8f\" data-element_type=\"widget\" data-widget_type=\"image.default\">\n\t\t\t\t<div class=\"elementor-widget-container\">\n\t\t\t\t\t\t\t\t\t\t\t\t\t\t<a href=\"https:\/\/moiaussi.com\/artists\/cheikha-sigil\/fil-rouge\/\">\n\t\t\t\t\t\t\t<img decoding=\"async\" src=\"https:\/\/ecdn.speedsize.com\/f3254346-20b5-4706-8478-f5f3409f39aa\/https:\/\/moiaussi.com\/wp-content\/uploads\/2024\/12\/ArtworkPagePortada_Cheikha-sigil.jpg\" title=\"\" alt=\"\" loading=\"lazy\" \/>\t\t\t\t\t\t\t\t<\/a>\n\t\t\t\t\t\t\t\t\t\t\t\t\t<\/div>\n\t\t\t\t<\/div>\n\t\t\t\t\t<\/div>\n\t\t<\/div>\n\t\t\t\t<div class=\"elementor-column elementor-col-33 elementor-top-column elementor-element elementor-element-c6876b0\" data-id=\"c6876b0\" data-element_type=\"column\">\n\t\t\t<div class=\"elementor-widget-wrap elementor-element-populated\">\n\t\t\t\t\t\t<div class=\"elementor-element elementor-element-5e1a979 elementor-widget elementor-widget-image\" data-id=\"5e1a979\" data-element_type=\"widget\" data-widget_type=\"image.default\">\n\t\t\t\t<div class=\"elementor-widget-container\">\n\t\t\t\t\t\t\t\t\t\t\t\t\t\t<a href=\"https:\/\/www.moiaussi.com\/artists\/clayton-blake\/brutalist\/\">\n\t\t\t\t\t\t\t<img decoding=\"async\" src=\"https:\/\/ecdn.speedsize.com\/f3254346-20b5-4706-8478-f5f3409f39aa\/https:\/\/moiaussi.com\/wp-content\/uploads\/2024\/07\/INSTA_ph-clayton-blake-02-artist-moi-aussi-art-gallery-1.jpg\" title=\"\" alt=\"\" loading=\"lazy\" \/>\t\t\t\t\t\t\t\t<\/a>\n\t\t\t\t\t\t\t\t\t\t\t\t\t<\/div>\n\t\t\t\t<\/div>\n\t\t\t\t\t<\/div>\n\t\t<\/div>\n\t\t\t\t<div class=\"elementor-column elementor-col-33 elementor-top-column elementor-element elementor-element-f7afe2d\" data-id=\"f7afe2d\" data-element_type=\"column\">\n\t\t\t<div class=\"elementor-widget-wrap elementor-element-populated\">\n\t\t\t\t\t\t<div class=\"elementor-element elementor-element-e216699 elementor-widget elementor-widget-image\" data-id=\"e216699\" data-element_type=\"widget\" data-widget_type=\"image.default\">\n\t\t\t\t<div class=\"elementor-widget-container\">\n\t\t\t\t\t\t\t\t\t\t\t\t\t\t<a href=\"https:\/\/moiaussi.com\/artists\/conxi-sane\/salir-del-mar\/\">\n\t\t\t\t\t\t\t<img decoding=\"async\" src=\"https:\/\/ecdn.speedsize.com\/f3254346-20b5-4706-8478-f5f3409f39aa\/https:\/\/moiaussi.com\/wp-content\/uploads\/2024\/11\/Conxi_Sane.png\" title=\"\" alt=\"\" loading=\"lazy\" \/>\t\t\t\t\t\t\t\t<\/a>\n\t\t\t\t\t\t\t\t\t\t\t\t\t<\/div>\n\t\t\t\t<\/div>\n\t\t\t\t\t<\/div>\n\t\t<\/div>\n\t\t\t\t\t<\/div>\n\t\t<\/section>\n\t\t\t\t<\/div>\n\t\t","protected":false},"excerpt":{"rendered":"<p>Torna alla Galleria Natives of Happiness Le opere d&#8217;arte di Carolina Amaya Gomez stravolgono il discorso dominante, sfidando i sistemi oppressivi che hanno messo a tacere le voci emarginate per troppo tempo. Servendo da catalizzatore, la sua arte incoraggia gli spettatori a mettere in discussione lo status quo e ad abbracciare le ramificazioni dell&#8217;esperienza umana. [&hellip;]<\/p>\n","protected":false},"author":2,"featured_media":0,"parent":6736,"menu_order":0,"comment_status":"closed","ping_status":"closed","template":"","meta":{"footnotes":""},"class_list":["post-6834","page","type-page","status-publish","hentry"],"yoast_head":"<!-- This site is optimized with the Yoast SEO plugin v25.6 - https:\/\/yoast.com\/wordpress\/plugins\/seo\/ -->\n<title>Natives of Happiness - moi aussi<\/title>\n<meta name=\"robots\" content=\"index, follow, max-snippet:-1, max-image-preview:large, max-video-preview:-1\" \/>\n<link rel=\"canonical\" href=\"https:\/\/moiaussi.com\/it\/artists\/carolina-amaya\/natives-of-happiness\/\" \/>\n<meta property=\"og:locale\" content=\"it_IT\" \/>\n<meta property=\"og:type\" content=\"article\" \/>\n<meta property=\"og:title\" content=\"Natives of Happiness - moi aussi\" \/>\n<meta property=\"og:description\" content=\"Torna alla Galleria Natives of Happiness Le opere d&#8217;arte di Carolina Amaya Gomez stravolgono il discorso dominante, sfidando i sistemi oppressivi che hanno messo a tacere le voci emarginate per troppo tempo. Servendo da catalizzatore, la sua arte incoraggia gli spettatori a mettere in discussione lo status quo e ad abbracciare le ramificazioni dell&#8217;esperienza umana. [&hellip;]\" \/>\n<meta property=\"og:url\" content=\"https:\/\/moiaussi.com\/it\/artists\/carolina-amaya\/natives-of-happiness\/\" \/>\n<meta property=\"og:site_name\" content=\"moi aussi\" \/>\n<meta property=\"article:modified_time\" content=\"2025-05-11T14:31:09+00:00\" \/>\n<meta name=\"twitter:card\" content=\"summary_large_image\" \/>\n<meta name=\"twitter:label1\" content=\"Tempo di lettura stimato\" \/>\n\t<meta name=\"twitter:data1\" content=\"2 minuti\" \/>\n<script type=\"application\/ld+json\" class=\"yoast-schema-graph\">{\"@context\":\"https:\/\/schema.org\",\"@graph\":[{\"@type\":\"WebPage\",\"@id\":\"https:\/\/moiaussi.com\/it\/artists\/carolina-amaya\/natives-of-happiness\/\",\"url\":\"https:\/\/moiaussi.com\/it\/artists\/carolina-amaya\/natives-of-happiness\/\",\"name\":\"Natives of Happiness - moi aussi\",\"isPartOf\":{\"@id\":\"https:\/\/www.moiaussi.com\/it\/#website\"},\"datePublished\":\"2024-10-02T13:16:03+00:00\",\"dateModified\":\"2025-05-11T14:31:09+00:00\",\"breadcrumb\":{\"@id\":\"https:\/\/moiaussi.com\/it\/artists\/carolina-amaya\/natives-of-happiness\/#breadcrumb\"},\"inLanguage\":\"it-IT\",\"potentialAction\":[{\"@type\":\"ReadAction\",\"target\":[\"https:\/\/moiaussi.com\/it\/artists\/carolina-amaya\/natives-of-happiness\/\"]}]},{\"@type\":\"BreadcrumbList\",\"@id\":\"https:\/\/moiaussi.com\/it\/artists\/carolina-amaya\/natives-of-happiness\/#breadcrumb\",\"itemListElement\":[{\"@type\":\"ListItem\",\"position\":1,\"name\":\"Portada\",\"item\":\"https:\/\/www.moiaussi.com\/it\/\"},{\"@type\":\"ListItem\",\"position\":2,\"name\":\"Artists\",\"item\":\"https:\/\/www.moiaussi.com\/it\/artists\/\"},{\"@type\":\"ListItem\",\"position\":3,\"name\":\"Carolina Amaya\",\"item\":\"https:\/\/www.moiaussi.com\/it\/artists\/carolina-amaya\/\"},{\"@type\":\"ListItem\",\"position\":4,\"name\":\"Natives of Happiness\"}]},{\"@type\":\"WebSite\",\"@id\":\"https:\/\/www.moiaussi.com\/it\/#website\",\"url\":\"https:\/\/www.moiaussi.com\/it\/\",\"name\":\"moi aussi\",\"description\":\"\",\"publisher\":{\"@id\":\"https:\/\/www.moiaussi.com\/it\/#organization\"},\"potentialAction\":[{\"@type\":\"SearchAction\",\"target\":{\"@type\":\"EntryPoint\",\"urlTemplate\":\"https:\/\/www.moiaussi.com\/it\/?s={search_term_string}\"},\"query-input\":{\"@type\":\"PropertyValueSpecification\",\"valueRequired\":true,\"valueName\":\"search_term_string\"}}],\"inLanguage\":\"it-IT\"},{\"@type\":\"Organization\",\"@id\":\"https:\/\/www.moiaussi.com\/it\/#organization\",\"name\":\"moi aussi\",\"url\":\"https:\/\/www.moiaussi.com\/it\/\",\"logo\":{\"@type\":\"ImageObject\",\"inLanguage\":\"it-IT\",\"@id\":\"https:\/\/www.moiaussi.com\/it\/#\/schema\/logo\/image\/\",\"url\":\"\/wp-content\/uploads\/2024\/05\/LOGO-01.webp\",\"contentUrl\":\"\/wp-content\/uploads\/2024\/05\/LOGO-01.webp\",\"width\":1778,\"height\":1225,\"caption\":\"moi aussi\"},\"image\":{\"@id\":\"https:\/\/www.moiaussi.com\/it\/#\/schema\/logo\/image\/\"}}]}<\/script>\n<!-- \/ Yoast SEO plugin. -->","yoast_head_json":{"title":"Natives of Happiness - moi aussi","robots":{"index":"index","follow":"follow","max-snippet":"max-snippet:-1","max-image-preview":"max-image-preview:large","max-video-preview":"max-video-preview:-1"},"canonical":"https:\/\/moiaussi.com\/it\/artists\/carolina-amaya\/natives-of-happiness\/","og_locale":"it_IT","og_type":"article","og_title":"Natives of Happiness - moi aussi","og_description":"Torna alla Galleria Natives of Happiness Le opere d&#8217;arte di Carolina Amaya Gomez stravolgono il discorso dominante, sfidando i sistemi oppressivi che hanno messo a tacere le voci emarginate per troppo tempo. Servendo da catalizzatore, la sua arte incoraggia gli spettatori a mettere in discussione lo status quo e ad abbracciare le ramificazioni dell&#8217;esperienza umana. [&hellip;]","og_url":"https:\/\/moiaussi.com\/it\/artists\/carolina-amaya\/natives-of-happiness\/","og_site_name":"moi aussi","article_modified_time":"2025-05-11T14:31:09+00:00","twitter_card":"summary_large_image","twitter_misc":{"Tempo di lettura stimato":"2 minuti"},"schema":{"@context":"https:\/\/schema.org","@graph":[{"@type":"WebPage","@id":"https:\/\/moiaussi.com\/it\/artists\/carolina-amaya\/natives-of-happiness\/","url":"https:\/\/moiaussi.com\/it\/artists\/carolina-amaya\/natives-of-happiness\/","name":"Natives of Happiness - moi aussi","isPartOf":{"@id":"https:\/\/www.moiaussi.com\/it\/#website"},"datePublished":"2024-10-02T13:16:03+00:00","dateModified":"2025-05-11T14:31:09+00:00","breadcrumb":{"@id":"https:\/\/moiaussi.com\/it\/artists\/carolina-amaya\/natives-of-happiness\/#breadcrumb"},"inLanguage":"it-IT","potentialAction":[{"@type":"ReadAction","target":["https:\/\/moiaussi.com\/it\/artists\/carolina-amaya\/natives-of-happiness\/"]}]},{"@type":"BreadcrumbList","@id":"https:\/\/moiaussi.com\/it\/artists\/carolina-amaya\/natives-of-happiness\/#breadcrumb","itemListElement":[{"@type":"ListItem","position":1,"name":"Portada","item":"https:\/\/www.moiaussi.com\/it\/"},{"@type":"ListItem","position":2,"name":"Artists","item":"https:\/\/www.moiaussi.com\/it\/artists\/"},{"@type":"ListItem","position":3,"name":"Carolina Amaya","item":"https:\/\/www.moiaussi.com\/it\/artists\/carolina-amaya\/"},{"@type":"ListItem","position":4,"name":"Natives of Happiness"}]},{"@type":"WebSite","@id":"https:\/\/www.moiaussi.com\/it\/#website","url":"https:\/\/www.moiaussi.com\/it\/","name":"moi aussi","description":"","publisher":{"@id":"https:\/\/www.moiaussi.com\/it\/#organization"},"potentialAction":[{"@type":"SearchAction","target":{"@type":"EntryPoint","urlTemplate":"https:\/\/www.moiaussi.com\/it\/?s={search_term_string}"},"query-input":{"@type":"PropertyValueSpecification","valueRequired":true,"valueName":"search_term_string"}}],"inLanguage":"it-IT"},{"@type":"Organization","@id":"https:\/\/www.moiaussi.com\/it\/#organization","name":"moi aussi","url":"https:\/\/www.moiaussi.com\/it\/","logo":{"@type":"ImageObject","inLanguage":"it-IT","@id":"https:\/\/www.moiaussi.com\/it\/#\/schema\/logo\/image\/","url":"\/wp-content\/uploads\/2024\/05\/LOGO-01.webp","contentUrl":"\/wp-content\/uploads\/2024\/05\/LOGO-01.webp","width":1778,"height":1225,"caption":"moi aussi"},"image":{"@id":"https:\/\/www.moiaussi.com\/it\/#\/schema\/logo\/image\/"}}]}},"_links":{"self":[{"href":"https:\/\/moiaussi.com\/it\/wp-json\/wp\/v2\/pages\/6834"}],"collection":[{"href":"https:\/\/moiaussi.com\/it\/wp-json\/wp\/v2\/pages"}],"about":[{"href":"https:\/\/moiaussi.com\/it\/wp-json\/wp\/v2\/types\/page"}],"author":[{"embeddable":true,"href":"https:\/\/moiaussi.com\/it\/wp-json\/wp\/v2\/users\/2"}],"replies":[{"embeddable":true,"href":"https:\/\/moiaussi.com\/it\/wp-json\/wp\/v2\/comments?post=6834"}],"version-history":[{"count":23,"href":"https:\/\/moiaussi.com\/it\/wp-json\/wp\/v2\/pages\/6834\/revisions"}],"predecessor-version":[{"id":9479,"href":"https:\/\/moiaussi.com\/it\/wp-json\/wp\/v2\/pages\/6834\/revisions\/9479"}],"up":[{"embeddable":true,"href":"https:\/\/moiaussi.com\/it\/wp-json\/wp\/v2\/pages\/6736"}],"wp:attachment":[{"href":"https:\/\/moiaussi.com\/it\/wp-json\/wp\/v2\/media?parent=6834"}],"curies":[{"name":"wp","href":"https:\/\/api.w.org\/{rel}","templated":true}]}}